{"id":14,"date":"2023-09-14T12:40:45","date_gmt":"2023-09-14T10:40:45","guid":{"rendered":"https:\/\/remyveux.fr\/?page_id=14"},"modified":"2024-02-07T16:34:54","modified_gmt":"2024-02-07T15:34:54","slug":"actualite","status":"publish","type":"page","link":"https:\/\/remyveux.fr\/?page_id=14","title":{"rendered":"Actualit\u00e9s"},"content":{"rendered":"<style>.kb-row-layout-id14_74bf1d-26 > .kt-row-column-wrap{align-content:start;}:where(.kb-row-layout-id14_74bf1d-26 > .kt-row-column-wrap) > .wp-block-kadence-column{justify-content:start;}.kb-row-layout-id14_74bf1d-26 > .kt-row-column-wrap{column-gap:var(--global-kb-gap-md, 2rem);row-gap:var(--global-kb-gap-md, 2rem);max-width:var( --global-content-width, 1290px );padding-left:var(--global-content-edge-padding);padding-right:var(--global-content-edge-padding);padding-top:var(--global-kb-spacing-sm, 1.5rem);padding-bottom:var(--global-kb-spacing-sm, 1.5rem);grid-template-columns:minmax(0, 1fr);}.kb-row-layout-id14_74bf1d-26{background-color:rgba(228,123,2,0);}.kb-row-layout-id14_74bf1d-26 > .kt-row-layout-overlay{opacity:0.30;}@media all and (max-width: 1024px){.kb-row-layout-id14_74bf1d-26 > .kt-row-column-wrap{grid-template-columns:minmax(0, 1fr);}}@media all and (max-width: 767px){.kb-row-layout-id14_74bf1d-26 > .kt-row-column-wrap{grid-template-columns:minmax(0, 1fr);}}<\/style><div class=\"kb-row-layout-wrap kb-row-layout-id14_74bf1d-26 alignnone kt-row-has-bg wp-block-kadence-rowlayout\"><div class=\"kt-row-column-wrap kt-has-1-columns kt-row-layout-equal kt-tab-layout-inherit kt-mobile-layout-row kt-row-valign-top kb-theme-content-width\">\n<style>.kadence-column14_e118f2-79 > .kt-inside-inner-col,.kadence-column14_e118f2-79 > .kt-inside-inner-col:before{border-top-left-radius:0px;border-top-right-radius:0px;border-bottom-right-radius:0px;border-bottom-left-radius:0px;}.kadence-column14_e118f2-79 > .kt-inside-inner-col{column-gap:var(--global-kb-gap-sm, 1rem);}.kadence-column14_e118f2-79 > .kt-inside-inner-col{flex-direction:column;}.kadence-column14_e118f2-79 > .kt-inside-inner-col > .aligncenter{width:100%;}.kadence-column14_e118f2-79 > .kt-inside-inner-col:before{opacity:0.3;}.kadence-column14_e118f2-79{position:relative;}@media all and (max-width: 1024px){.kadence-column14_e118f2-79 > .kt-inside-inner-col{flex-direction:column;}}@media all and (max-width: 767px){.kadence-column14_e118f2-79 > .kt-inside-inner-col{flex-direction:column;}}<\/style>\n<div class=\"wp-block-kadence-column kadence-column14_e118f2-79\"><div class=\"kt-inside-inner-col\"><style>.wp-block-kadence-advancedheading.kt-adv-heading14_f0b01e-60, .wp-block-kadence-advancedheading.kt-adv-heading14_f0b01e-60[data-kb-block=\"kb-adv-heading14_f0b01e-60\"]{text-align:center;font-style:normal;}.wp-block-kadence-advancedheading.kt-adv-heading14_f0b01e-60 mark, .wp-block-kadence-advancedheading.kt-adv-heading14_f0b01e-60[data-kb-block=\"kb-adv-heading14_f0b01e-60\"] mark{font-style:normal;color:#f76a0c;padding-top:0px;padding-right:0px;padding-bottom:0px;padding-left:0px;}<\/style>\n<h1 class=\"kt-adv-heading14_f0b01e-60 wp-block-kadence-advancedheading\" data-kb-block=\"kb-adv-heading14_f0b01e-60\"><strong>Repr\u00e9sentations<\/strong><\/h1>\n<\/div><\/div>\n\n<\/div><\/div>\n\n\n<p><\/p>\n\n\n<style>.kb-row-layout-id14_84a030-fb > .kt-row-column-wrap{align-content:start;}:where(.kb-row-layout-id14_84a030-fb > .kt-row-column-wrap) > .wp-block-kadence-column{justify-content:start;}.kb-row-layout-id14_84a030-fb > .kt-row-column-wrap{column-gap:var(--global-kb-gap-md, 2rem);row-gap:var(--global-kb-gap-md, 2rem);max-width:var( --global-content-width, 1290px );padding-left:var(--global-content-edge-padding);padding-right:var(--global-content-edge-padding);padding-top:var(--global-kb-spacing-sm, 1.5rem);padding-bottom:var(--global-kb-spacing-sm, 1.5rem);grid-template-columns:minmax(0, 1fr);}.kb-row-layout-id14_84a030-fb{border-top-left-radius:10px;border-top-right-radius:10px;border-bottom-right-radius:10px;border-bottom-left-radius:10px;overflow:clip;isolation:isolate;}.kb-row-layout-id14_84a030-fb > .kt-row-layout-overlay{border-top-left-radius:10px;border-top-right-radius:10px;border-bottom-right-radius:10px;border-bottom-left-radius:10px;}.kb-row-layout-id14_84a030-fb > .kt-row-layout-overlay{opacity:0.30;}@media all and (max-width: 1024px){.kb-row-layout-id14_84a030-fb > .kt-row-column-wrap{grid-template-columns:minmax(0, 1fr);}}@media all and (max-width: 767px){.kb-row-layout-id14_84a030-fb > .kt-row-column-wrap{grid-template-columns:minmax(0, 1fr);}}<\/style><div class=\"kb-row-layout-wrap kb-row-layout-id14_84a030-fb alignnone has-theme-palette1-background-color kt-row-has-bg wp-block-kadence-rowlayout\"><div class=\"kt-row-column-wrap kt-has-1-columns kt-row-layout-equal kt-tab-layout-inherit kt-mobile-layout-row kt-row-valign-top kb-theme-content-width\">\n<style>.kadence-column14_c3646e-96 > .kt-inside-inner-col,.kadence-column14_c3646e-96 > .kt-inside-inner-col:before{border-top-left-radius:0px;border-top-right-radius:0px;border-bottom-right-radius:0px;border-bottom-left-radius:0px;}.kadence-column14_c3646e-96 > .kt-inside-inner-col{column-gap:var(--global-kb-gap-sm, 1rem);}.kadence-column14_c3646e-96 > .kt-inside-inner-col{flex-direction:column;}.kadence-column14_c3646e-96 > .kt-inside-inner-col > .aligncenter{width:100%;}.kadence-column14_c3646e-96 > .kt-inside-inner-col:before{opacity:0.3;}.kadence-column14_c3646e-96{position:relative;}@media all and (max-width: 1024px){.kadence-column14_c3646e-96 > .kt-inside-inner-col{flex-direction:column;}}@media all and (max-width: 767px){.kadence-column14_c3646e-96 > .kt-inside-inner-col{flex-direction:column;}}<\/style>\n<div class=\"wp-block-kadence-column kadence-column14_c3646e-96\"><div class=\"kt-inside-inner-col\"><style>.kb-row-layout-id14_b9179a-be > .kt-row-column-wrap{align-content:start;}:where(.kb-row-layout-id14_b9179a-be > .kt-row-column-wrap) > .wp-block-kadence-column{justify-content:start;}.kb-row-layout-id14_b9179a-be > .kt-row-column-wrap{column-gap:var(--global-kb-gap-md, 2rem);row-gap:var(--global-kb-gap-md, 2rem);padding-top:var(--global-kb-spacing-sm, 1.5rem);padding-bottom:var(--global-kb-spacing-sm, 1.5rem);grid-template-columns:repeat(3, minmax(0, 1fr));}.kb-row-layout-id14_b9179a-be{border-top-left-radius:10px;border-top-right-radius:10px;border-bottom-right-radius:10px;border-bottom-left-radius:10px;overflow:clip;isolation:isolate;}.kb-row-layout-id14_b9179a-be > .kt-row-layout-overlay{border-top-left-radius:10px;border-top-right-radius:10px;border-bottom-right-radius:10px;border-bottom-left-radius:10px;}.kb-row-layout-id14_b9179a-be{border-top:2px solid transparent;border-right:2px solid transparent;border-bottom:2px solid transparent;border-left:2px solid transparent;}.kb-row-layout-id14_b9179a-be > .kt-row-layout-overlay{opacity:0.30;}@media all and (max-width: 1024px){.kb-row-layout-id14_b9179a-be > .kt-row-column-wrap{grid-template-columns:repeat(3, minmax(0, 1fr));}}@media all and (max-width: 1024px){.kb-row-layout-id14_b9179a-be{border-top:2px solid transparent;border-right:2px solid transparent;border-bottom:2px solid transparent;border-left:2px solid transparent;}}@media all and (max-width: 767px){.kb-row-layout-id14_b9179a-be > .kt-row-column-wrap{grid-template-columns:minmax(0, 1fr);}.kb-row-layout-id14_b9179a-be{border-top:2px solid transparent;border-right:2px solid transparent;border-bottom:2px solid transparent;border-left:2px solid transparent;}}<\/style><div class=\"kb-row-layout-wrap kb-row-layout-id14_b9179a-be alignnone has-theme-palette3-background-color kt-row-has-bg wp-block-kadence-rowlayout\"><div class=\"kt-row-column-wrap kt-has-3-columns kt-row-layout-equal kt-tab-layout-inherit kt-mobile-layout-row kt-row-valign-top\">\n<style>.kadence-column14_de4f3f-ab > .kt-inside-inner-col,.kadence-column14_de4f3f-ab > .kt-inside-inner-col:before{border-top-left-radius:0px;border-top-right-radius:0px;border-bottom-right-radius:0px;border-bottom-left-radius:0px;}.kadence-column14_de4f3f-ab > .kt-inside-inner-col{column-gap:var(--global-kb-gap-sm, 1rem);}.kadence-column14_de4f3f-ab > .kt-inside-inner-col{flex-direction:column;}.kadence-column14_de4f3f-ab > .kt-inside-inner-col > .aligncenter{width:100%;}.kadence-column14_de4f3f-ab > .kt-inside-inner-col:before{opacity:0.3;}.kadence-column14_de4f3f-ab{position:relative;}@media all and (max-width: 1024px){.kadence-column14_de4f3f-ab > .kt-inside-inner-col{flex-direction:column;}}@media all and (max-width: 767px){.kadence-column14_de4f3f-ab > .kt-inside-inner-col{flex-direction:column;}}<\/style>\n<div class=\"wp-block-kadence-column kadence-column14_de4f3f-ab\"><div class=\"kt-inside-inner-col\"><style>.wp-block-kadence-advancedheading.kt-adv-heading14_9a1ffd-45, .wp-block-kadence-advancedheading.kt-adv-heading14_9a1ffd-45[data-kb-block=\"kb-adv-heading14_9a1ffd-45\"]{text-align:center;font-style:normal;}.wp-block-kadence-advancedheading.kt-adv-heading14_9a1ffd-45 mark, .wp-block-kadence-advancedheading.kt-adv-heading14_9a1ffd-45[data-kb-block=\"kb-adv-heading14_9a1ffd-45\"] mark{font-style:normal;color:#f76a0c;padding-top:0px;padding-right:0px;padding-bottom:0px;padding-left:0px;}<\/style>\n<h2 class=\"kt-adv-heading14_9a1ffd-45 wp-block-kadence-advancedheading\" data-kb-block=\"kb-adv-heading14_9a1ffd-45\"><strong><strong>Vendredi 09 f\u00e9vrier 2024<\/strong><\/strong><\/h2>\n<\/div><\/div>\n\n\n<style>.kadence-column14_8ea123-02 > .kt-inside-inner-col,.kadence-column14_8ea123-02 > .kt-inside-inner-col:before{border-top-left-radius:0px;border-top-right-radius:0px;border-bottom-right-radius:0px;border-bottom-left-radius:0px;}.kadence-column14_8ea123-02 > .kt-inside-inner-col{column-gap:var(--global-kb-gap-sm, 1rem);}.kadence-column14_8ea123-02 > .kt-inside-inner-col{flex-direction:column;}.kadence-column14_8ea123-02 > .kt-inside-inner-col > .aligncenter{width:100%;}.kadence-column14_8ea123-02 > .kt-inside-inner-col:before{opacity:0.3;}.kadence-column14_8ea123-02{position:relative;}@media all and (max-width: 1024px){.kadence-column14_8ea123-02 > .kt-inside-inner-col{flex-direction:column;}}@media all and (max-width: 767px){.kadence-column14_8ea123-02 > .kt-inside-inner-col{flex-direction:column;}}<\/style>\n<div class=\"wp-block-kadence-column kadence-column14_8ea123-02\"><div class=\"kt-inside-inner-col\"><style>.wp-block-kadence-advancedheading.kt-adv-heading14_8362b9-2b, .wp-block-kadence-advancedheading.kt-adv-heading14_8362b9-2b[data-kb-block=\"kb-adv-heading14_8362b9-2b\"]{text-align:center;font-style:normal;}.wp-block-kadence-advancedheading.kt-adv-heading14_8362b9-2b mark, .wp-block-kadence-advancedheading.kt-adv-heading14_8362b9-2b[data-kb-block=\"kb-adv-heading14_8362b9-2b\"] mark{font-style:normal;color:#f76a0c;padding-top:0px;padding-right:0px;padding-bottom:0px;padding-left:0px;}<\/style>\n<h2 class=\"kt-adv-heading14_8362b9-2b wp-block-kadence-advancedheading\" data-kb-block=\"kb-adv-heading14_8362b9-2b\"><strong>\u00c9vian-les-Bains<\/strong><\/h2>\n<\/div><\/div>\n\n\n<style>.kadence-column14_f5c0f4-7f > .kt-inside-inner-col,.kadence-column14_f5c0f4-7f > .kt-inside-inner-col:before{border-top-left-radius:0px;border-top-right-radius:0px;border-bottom-right-radius:0px;border-bottom-left-radius:0px;}.kadence-column14_f5c0f4-7f > .kt-inside-inner-col{column-gap:var(--global-kb-gap-sm, 1rem);}.kadence-column14_f5c0f4-7f > .kt-inside-inner-col{flex-direction:column;}.kadence-column14_f5c0f4-7f > .kt-inside-inner-col > .aligncenter{width:100%;}.kadence-column14_f5c0f4-7f > .kt-inside-inner-col:before{opacity:0.3;}.kadence-column14_f5c0f4-7f{position:relative;}@media all and (max-width: 1024px){.kadence-column14_f5c0f4-7f > .kt-inside-inner-col{flex-direction:column;}}@media all and (max-width: 767px){.kadence-column14_f5c0f4-7f > .kt-inside-inner-col{flex-direction:column;}}<\/style>\n<div class=\"wp-block-kadence-column kadence-column14_f5c0f4-7f\"><div class=\"kt-inside-inner-col\"><style>.wp-block-kadence-advancedheading.kt-adv-heading14_0fabca-fb, .wp-block-kadence-advancedheading.kt-adv-heading14_0fabca-fb[data-kb-block=\"kb-adv-heading14_0fabca-fb\"]{text-align:center;font-style:normal;}.wp-block-kadence-advancedheading.kt-adv-heading14_0fabca-fb mark, .wp-block-kadence-advancedheading.kt-adv-heading14_0fabca-fb[data-kb-block=\"kb-adv-heading14_0fabca-fb\"] mark{font-style:normal;color:#f76a0c;padding-top:0px;padding-right:0px;padding-bottom:0px;padding-left:0px;}<\/style>\n<h2 class=\"kt-adv-heading14_0fabca-fb wp-block-kadence-advancedheading\" data-kb-block=\"kb-adv-heading14_0fabca-fb\"><strong><strong>Caf\u00e9-Th\u00e9\u00e2tre de l&rsquo;Apart\u00e9<\/strong><\/strong><\/h2>\n<\/div><\/div>\n\n<\/div><\/div><\/div><\/div>\n\n<\/div><\/div>","protected":false},"excerpt":{"rendered":"<p>Repr\u00e9sentations Vendredi 09 f\u00e9vrier 2024 \u00c9vian-les-Bains Caf\u00e9-Th\u00e9\u00e2tre de l&rsquo;Apart\u00e9<\/p>\n","protected":false},"author":1,"featured_media":0,"parent":0,"menu_order":0,"comment_status":"closed","ping_status":"closed","template":"","meta":{"_kad_post_transparent":"","_kad_post_title":"","_kad_post_layout":"","_kad_post_sidebar_id":"","_kad_post_content_style":"","_kad_post_vertical_padding":"","_kad_post_feature":"","_kad_post_feature_position":"","_kad_post_header":false,"_kad_post_footer":false,"footnotes":""},"class_list":["post-14","page","type-page","status-publish","hentry"],"_links":{"self":[{"href":"https:\/\/remyveux.fr\/index.php?rest_route=\/wp\/v2\/pages\/14"}],"collection":[{"href":"https:\/\/remyveux.fr\/index.php?rest_route=\/wp\/v2\/pages"}],"about":[{"href":"https:\/\/remyveux.fr\/index.php?rest_route=\/wp\/v2\/types\/page"}],"author":[{"embeddable":true,"href":"https:\/\/remyveux.fr\/index.php?rest_route=\/wp\/v2\/users\/1"}],"replies":[{"embeddable":true,"href":"https:\/\/remyveux.fr\/index.php?rest_route=%2Fwp%2Fv2%2Fcomments&post=14"}],"version-history":[{"count":16,"href":"https:\/\/remyveux.fr\/index.php?rest_route=\/wp\/v2\/pages\/14\/revisions"}],"predecessor-version":[{"id":129,"href":"https:\/\/remyveux.fr\/index.php?rest_route=\/wp\/v2\/pages\/14\/revisions\/129"}],"wp:attachment":[{"href":"https:\/\/remyveux.fr\/index.php?rest_route=%2Fwp%2Fv2%2Fmedia&parent=14"}],"curies":[{"name":"wp","href":"https:\/\/api.w.org\/{rel}","templated":true}]}}